{"id":782,"date":"2018-10-30T16:19:55","date_gmt":"2018-10-30T15:19:55","guid":{"rendered":"http:\/\/www.studiobovalls.com\/?page_id=782"},"modified":"2020-05-15T16:18:00","modified_gmt":"2020-05-15T14:18:00","slug":"var-drom","status":"publish","type":"page","link":"https:\/\/www.studiobovalls.com\/en\/var-drom\/","title":{"rendered":"our dream"},"content":{"rendered":"","protected":false},"excerpt":{"rendered":"","protected":false},"author":13,"featured_media":0,"parent":0,"menu_order":0,"comment_status":"closed","ping_status":"closed","template":"","meta":{"_acf_changed":false,"footnotes":""},"class_list":["post-782","page","type-page","status-publish","hentry"],"acf":[],"yoast_head":"<!-- This site is optimized with the Yoast SEO plugin v27.4 - https:\/\/yoast.com\/product\/yoast-seo-wordpress\/ -->\n<title>our dream - Studio Bovalls<\/title>\n<meta name=\"description\" content=\"Studio Bovallstrand. En samlingsplats f\u00f6r kvalitet, h\u00e5llbarhet och design. En plats vid havet som vi fyller med det b\u00e4sta vi vet.\" \/>\n<meta name=\"robots\" content=\"index, follow, max-snippet:-1, max-image-preview:large, max-video-preview:-1\" \/>\n<link rel=\"canonical\" href=\"https:\/\/www.studiobovalls.com\/en\/var-drom\/\" \/>\n<meta property=\"og:locale\" content=\"en_US\" \/>\n<meta property=\"og:type\" content=\"article\" \/>\n<meta property=\"og:title\" content=\"our dream - Studio Bovalls\" \/>\n<meta property=\"og:description\" content=\"Studio Bovallstrand. En samlingsplats f\u00f6r kvalitet, h\u00e5llbarhet och design. En plats vid havet som vi fyller med det b\u00e4sta vi vet.\" \/>\n<meta property=\"og:url\" content=\"https:\/\/www.studiobovalls.com\/en\/var-drom\/\" \/>\n<meta property=\"og:site_name\" content=\"Studio Bovalls\" \/>\n<meta property=\"article:publisher\" content=\"https:\/\/www.facebook.com\/studiobovallstrand\/\" \/>\n<meta property=\"article:modified_time\" content=\"2020-05-15T14:18:00+00:00\" \/>\n<meta name=\"twitter:card\" content=\"summary_large_image\" \/>\n<script type=\"application\/ld+json\" class=\"yoast-schema-graph\">{\"@context\":\"https:\\\/\\\/schema.org\",\"@graph\":[{\"@type\":\"WebPage\",\"@id\":\"https:\\\/\\\/www.studiobovalls.com\\\/en\\\/var-drom\\\/\",\"url\":\"https:\\\/\\\/www.studiobovalls.com\\\/en\\\/var-drom\\\/\",\"name\":\"our dream - Studio Bovalls\",\"isPartOf\":{\"@id\":\"https:\\\/\\\/www.studiobovalls.com\\\/#website\"},\"datePublished\":\"2018-10-30T15:19:55+00:00\",\"dateModified\":\"2020-05-15T14:18:00+00:00\",\"description\":\"Studio Bovallstrand. En samlingsplats f\u00f6r kvalitet, h\u00e5llbarhet och design. En plats vid havet som vi fyller med det b\u00e4sta vi vet.\",\"breadcrumb\":{\"@id\":\"https:\\\/\\\/www.studiobovalls.com\\\/en\\\/var-drom\\\/#breadcrumb\"},\"inLanguage\":\"en-US\",\"potentialAction\":[{\"@type\":\"ReadAction\",\"target\":[\"https:\\\/\\\/www.studiobovalls.com\\\/en\\\/var-drom\\\/\"]}]},{\"@type\":\"BreadcrumbList\",\"@id\":\"https:\\\/\\\/www.studiobovalls.com\\\/en\\\/var-drom\\\/#breadcrumb\",\"itemListElement\":[{\"@type\":\"ListItem\",\"position\":1,\"name\":\"Hem\",\"item\":\"https:\\\/\\\/www.studiobovalls.com\\\/en\\\/\"},{\"@type\":\"ListItem\",\"position\":2,\"name\":\"our dream\"}]},{\"@type\":\"WebSite\",\"@id\":\"https:\\\/\\\/www.studiobovalls.com\\\/#website\",\"url\":\"https:\\\/\\\/www.studiobovalls.com\\\/\",\"name\":\"Studio Bovalls\",\"description\":\"En till WordPress-webbplats\",\"potentialAction\":[{\"@type\":\"SearchAction\",\"target\":{\"@type\":\"EntryPoint\",\"urlTemplate\":\"https:\\\/\\\/www.studiobovalls.com\\\/?s={search_term_string}\"},\"query-input\":{\"@type\":\"PropertyValueSpecification\",\"valueRequired\":true,\"valueName\":\"search_term_string\"}}],\"inLanguage\":\"en-US\"}]}<\/script>\n<!-- \/ Yoast SEO plugin. -->","yoast_head_json":{"title":"our dream - Studio Bovalls","description":"Studio Bovallstrand. En samlingsplats f\u00f6r kvalitet, h\u00e5llbarhet och design. En plats vid havet som vi fyller med det b\u00e4sta vi vet.","robots":{"index":"index","follow":"follow","max-snippet":"max-snippet:-1","max-image-preview":"max-image-preview:large","max-video-preview":"max-video-preview:-1"},"canonical":"https:\/\/www.studiobovalls.com\/en\/var-drom\/","og_locale":"en_US","og_type":"article","og_title":"our dream - Studio Bovalls","og_description":"Studio Bovallstrand. En samlingsplats f\u00f6r kvalitet, h\u00e5llbarhet och design. En plats vid havet som vi fyller med det b\u00e4sta vi vet.","og_url":"https:\/\/www.studiobovalls.com\/en\/var-drom\/","og_site_name":"Studio Bovalls","article_publisher":"https:\/\/www.facebook.com\/studiobovallstrand\/","article_modified_time":"2020-05-15T14:18:00+00:00","twitter_card":"summary_large_image","schema":{"@context":"https:\/\/schema.org","@graph":[{"@type":"WebPage","@id":"https:\/\/www.studiobovalls.com\/en\/var-drom\/","url":"https:\/\/www.studiobovalls.com\/en\/var-drom\/","name":"our dream - Studio Bovalls","isPartOf":{"@id":"https:\/\/www.studiobovalls.com\/#website"},"datePublished":"2018-10-30T15:19:55+00:00","dateModified":"2020-05-15T14:18:00+00:00","description":"Studio Bovallstrand. En samlingsplats f\u00f6r kvalitet, h\u00e5llbarhet och design. En plats vid havet som vi fyller med det b\u00e4sta vi vet.","breadcrumb":{"@id":"https:\/\/www.studiobovalls.com\/en\/var-drom\/#breadcrumb"},"inLanguage":"en-US","potentialAction":[{"@type":"ReadAction","target":["https:\/\/www.studiobovalls.com\/en\/var-drom\/"]}]},{"@type":"BreadcrumbList","@id":"https:\/\/www.studiobovalls.com\/en\/var-drom\/#breadcrumb","itemListElement":[{"@type":"ListItem","position":1,"name":"Hem","item":"https:\/\/www.studiobovalls.com\/en\/"},{"@type":"ListItem","position":2,"name":"our dream"}]},{"@type":"WebSite","@id":"https:\/\/www.studiobovalls.com\/#website","url":"https:\/\/www.studiobovalls.com\/","name":"Studio Bovalls","description":"En till WordPress-webbplats","potentialAction":[{"@type":"SearchAction","target":{"@type":"EntryPoint","urlTemplate":"https:\/\/www.studiobovalls.com\/?s={search_term_string}"},"query-input":{"@type":"PropertyValueSpecification","valueRequired":true,"valueName":"search_term_string"}}],"inLanguage":"en-US"}]}},"_links":{"self":[{"href":"https:\/\/www.studiobovalls.com\/en\/wp-json\/wp\/v2\/pages\/782","targetHints":{"allow":["GET"]}}],"collection":[{"href":"https:\/\/www.studiobovalls.com\/en\/wp-json\/wp\/v2\/pages"}],"about":[{"href":"https:\/\/www.studiobovalls.com\/en\/wp-json\/wp\/v2\/types\/page"}],"author":[{"embeddable":true,"href":"https:\/\/www.studiobovalls.com\/en\/wp-json\/wp\/v2\/users\/13"}],"replies":[{"embeddable":true,"href":"https:\/\/www.studiobovalls.com\/en\/wp-json\/wp\/v2\/comments?post=782"}],"version-history":[{"count":4,"href":"https:\/\/www.studiobovalls.com\/en\/wp-json\/wp\/v2\/pages\/782\/revisions"}],"predecessor-version":[{"id":787,"href":"https:\/\/www.studiobovalls.com\/en\/wp-json\/wp\/v2\/pages\/782\/revisions\/787"}],"wp:attachment":[{"href":"https:\/\/www.studiobovalls.com\/en\/wp-json\/wp\/v2\/media?parent=782"}],"curies":[{"name":"wp","href":"https:\/\/api.w.org\/{rel}","templated":true}]}}