{"id":772,"date":"2020-05-15T15:31:04","date_gmt":"2020-05-15T13:31:04","guid":{"rendered":"http:\/\/www.studiobovalls.com\/?page_id=772"},"modified":"2020-05-18T09:26:11","modified_gmt":"2020-05-18T07:26:11","slug":"var-drom-2","status":"publish","type":"page","link":"https:\/\/www.studiobovalls.com\/no\/var-drom-2\/","title":{"rendered":"v\u00e5r dr\u00f8m"},"content":{"rendered":"","protected":false},"excerpt":{"rendered":"","protected":false},"author":13,"featured_media":0,"parent":0,"menu_order":0,"comment_status":"closed","ping_status":"closed","template":"","meta":{"_acf_changed":false,"footnotes":""},"class_list":["post-772","page","type-page","status-publish","hentry"],"acf":[],"yoast_head":"<!-- This site is optimized with the Yoast SEO plugin v27.6 - https:\/\/yoast.com\/product\/yoast-seo-wordpress\/ -->\n<title>v\u00e5r dr\u00f8m - Studio Bovalls<\/title>\n<meta name=\"description\" content=\"Studio Bovallstrand. En samlingsplats f\u00f6r kvalitet, h\u00e5llbarhet och design. En plats vid havet som vi fyller med det b\u00e4sta vi vet.\" \/>\n<meta name=\"robots\" content=\"index, follow, max-snippet:-1, max-image-preview:large, max-video-preview:-1\" \/>\n<link rel=\"canonical\" href=\"https:\/\/www.studiobovalls.com\/no\/var-drom-2\/\" \/>\n<meta property=\"og:locale\" content=\"nb_NO\" \/>\n<meta property=\"og:type\" content=\"article\" \/>\n<meta property=\"og:title\" content=\"v\u00e5r dr\u00f8m - Studio Bovalls\" \/>\n<meta property=\"og:description\" content=\"Studio Bovallstrand. En samlingsplats f\u00f6r kvalitet, h\u00e5llbarhet och design. En plats vid havet som vi fyller med det b\u00e4sta vi vet.\" \/>\n<meta property=\"og:url\" content=\"https:\/\/www.studiobovalls.com\/no\/var-drom-2\/\" \/>\n<meta property=\"og:site_name\" content=\"Studio Bovalls\" \/>\n<meta property=\"article:publisher\" content=\"https:\/\/www.facebook.com\/studiobovallstrand\/\" \/>\n<meta property=\"article:modified_time\" content=\"2020-05-18T07:26:11+00:00\" \/>\n<meta name=\"twitter:card\" content=\"summary_large_image\" \/>\n<script type=\"application\/ld+json\" class=\"yoast-schema-graph\">{\"@context\":\"https:\\\/\\\/schema.org\",\"@graph\":[{\"@type\":\"WebPage\",\"@id\":\"https:\\\/\\\/www.studiobovalls.com\\\/no\\\/var-drom-2\\\/\",\"url\":\"https:\\\/\\\/www.studiobovalls.com\\\/no\\\/var-drom-2\\\/\",\"name\":\"v\u00e5r dr\u00f8m - Studio Bovalls\",\"isPartOf\":{\"@id\":\"https:\\\/\\\/www.studiobovalls.com\\\/#website\"},\"datePublished\":\"2020-05-15T13:31:04+00:00\",\"dateModified\":\"2020-05-18T07:26:11+00:00\",\"description\":\"Studio Bovallstrand. En samlingsplats f\u00f6r kvalitet, h\u00e5llbarhet och design. En plats vid havet som vi fyller med det b\u00e4sta vi vet.\",\"breadcrumb\":{\"@id\":\"https:\\\/\\\/www.studiobovalls.com\\\/no\\\/var-drom-2\\\/#breadcrumb\"},\"inLanguage\":\"nb-NO\",\"potentialAction\":[{\"@type\":\"ReadAction\",\"target\":[\"https:\\\/\\\/www.studiobovalls.com\\\/no\\\/var-drom-2\\\/\"]}]},{\"@type\":\"BreadcrumbList\",\"@id\":\"https:\\\/\\\/www.studiobovalls.com\\\/no\\\/var-drom-2\\\/#breadcrumb\",\"itemListElement\":[{\"@type\":\"ListItem\",\"position\":1,\"name\":\"Hem\",\"item\":\"https:\\\/\\\/www.studiobovalls.com\\\/no\\\/\"},{\"@type\":\"ListItem\",\"position\":2,\"name\":\"v\u00e5r dr\u00f8m\"}]},{\"@type\":\"WebSite\",\"@id\":\"https:\\\/\\\/www.studiobovalls.com\\\/#website\",\"url\":\"https:\\\/\\\/www.studiobovalls.com\\\/\",\"name\":\"Studio Bovalls\",\"description\":\"En till WordPress-webbplats\",\"potentialAction\":[{\"@type\":\"SearchAction\",\"target\":{\"@type\":\"EntryPoint\",\"urlTemplate\":\"https:\\\/\\\/www.studiobovalls.com\\\/?s={search_term_string}\"},\"query-input\":{\"@type\":\"PropertyValueSpecification\",\"valueRequired\":true,\"valueName\":\"search_term_string\"}}],\"inLanguage\":\"nb-NO\"}]}<\/script>\n<!-- \/ Yoast SEO plugin. -->","yoast_head_json":{"title":"v\u00e5r dr\u00f8m - Studio Bovalls","description":"Studio Bovallstrand. En samlingsplats f\u00f6r kvalitet, h\u00e5llbarhet och design. En plats vid havet som vi fyller med det b\u00e4sta vi vet.","robots":{"index":"index","follow":"follow","max-snippet":"max-snippet:-1","max-image-preview":"max-image-preview:large","max-video-preview":"max-video-preview:-1"},"canonical":"https:\/\/www.studiobovalls.com\/no\/var-drom-2\/","og_locale":"nb_NO","og_type":"article","og_title":"v\u00e5r dr\u00f8m - Studio Bovalls","og_description":"Studio Bovallstrand. En samlingsplats f\u00f6r kvalitet, h\u00e5llbarhet och design. En plats vid havet som vi fyller med det b\u00e4sta vi vet.","og_url":"https:\/\/www.studiobovalls.com\/no\/var-drom-2\/","og_site_name":"Studio Bovalls","article_publisher":"https:\/\/www.facebook.com\/studiobovallstrand\/","article_modified_time":"2020-05-18T07:26:11+00:00","twitter_card":"summary_large_image","schema":{"@context":"https:\/\/schema.org","@graph":[{"@type":"WebPage","@id":"https:\/\/www.studiobovalls.com\/no\/var-drom-2\/","url":"https:\/\/www.studiobovalls.com\/no\/var-drom-2\/","name":"v\u00e5r dr\u00f8m - Studio Bovalls","isPartOf":{"@id":"https:\/\/www.studiobovalls.com\/#website"},"datePublished":"2020-05-15T13:31:04+00:00","dateModified":"2020-05-18T07:26:11+00:00","description":"Studio Bovallstrand. En samlingsplats f\u00f6r kvalitet, h\u00e5llbarhet och design. En plats vid havet som vi fyller med det b\u00e4sta vi vet.","breadcrumb":{"@id":"https:\/\/www.studiobovalls.com\/no\/var-drom-2\/#breadcrumb"},"inLanguage":"nb-NO","potentialAction":[{"@type":"ReadAction","target":["https:\/\/www.studiobovalls.com\/no\/var-drom-2\/"]}]},{"@type":"BreadcrumbList","@id":"https:\/\/www.studiobovalls.com\/no\/var-drom-2\/#breadcrumb","itemListElement":[{"@type":"ListItem","position":1,"name":"Hem","item":"https:\/\/www.studiobovalls.com\/no\/"},{"@type":"ListItem","position":2,"name":"v\u00e5r dr\u00f8m"}]},{"@type":"WebSite","@id":"https:\/\/www.studiobovalls.com\/#website","url":"https:\/\/www.studiobovalls.com\/","name":"Studio Bovalls","description":"En till WordPress-webbplats","potentialAction":[{"@type":"SearchAction","target":{"@type":"EntryPoint","urlTemplate":"https:\/\/www.studiobovalls.com\/?s={search_term_string}"},"query-input":{"@type":"PropertyValueSpecification","valueRequired":true,"valueName":"search_term_string"}}],"inLanguage":"nb-NO"}]}},"_links":{"self":[{"href":"https:\/\/www.studiobovalls.com\/no\/wp-json\/wp\/v2\/pages\/772","targetHints":{"allow":["GET"]}}],"collection":[{"href":"https:\/\/www.studiobovalls.com\/no\/wp-json\/wp\/v2\/pages"}],"about":[{"href":"https:\/\/www.studiobovalls.com\/no\/wp-json\/wp\/v2\/types\/page"}],"author":[{"embeddable":true,"href":"https:\/\/www.studiobovalls.com\/no\/wp-json\/wp\/v2\/users\/13"}],"replies":[{"embeddable":true,"href":"https:\/\/www.studiobovalls.com\/no\/wp-json\/wp\/v2\/comments?post=772"}],"version-history":[{"count":5,"href":"https:\/\/www.studiobovalls.com\/no\/wp-json\/wp\/v2\/pages\/772\/revisions"}],"predecessor-version":[{"id":789,"href":"https:\/\/www.studiobovalls.com\/no\/wp-json\/wp\/v2\/pages\/772\/revisions\/789"}],"wp:attachment":[{"href":"https:\/\/www.studiobovalls.com\/no\/wp-json\/wp\/v2\/media?parent=772"}],"curies":[{"name":"wp","href":"https:\/\/api.w.org\/{rel}","templated":true}]}}